{"id":114,"date":"2024-06-22T20:35:51","date_gmt":"2024-06-22T20:35:51","guid":{"rendered":"https:\/\/meer-door-minder.nl\/?page_id=114"},"modified":"2024-08-20T07:29:11","modified_gmt":"2024-08-20T07:29:11","slug":"over-mij","status":"publish","type":"page","link":"https:\/\/meer-door-minder.nl\/?page_id=114","title":{"rendered":"Wie ben ik?"},"content":{"rendered":"\n<div class=\"wp-block-columns is-layout-flex wp-container-core-columns-is-layout-570f9a45 wp-block-columns-is-layout-flex\" style=\"padding-right:0;padding-left:0\">\n<div class=\"wp-block-column is-layout-flow wp-block-column-is-layout-flow\" style=\"flex-basis:33.33%\">\n<figure class=\"wp-block-image size-large\"><img data-opt-id=303981070  fetchpriority=\"high\" decoding=\"async\" width=\"942\" height=\"1024\" src=\"https:\/\/mlo6u0cvscwo.i.optimole.com\/w:942\/h:1024\/q:mauto\/ig:avif\/https:\/\/meer-door-minder.nl\/wp-content\/uploads\/2024\/08\/Martha-zakelijk-5-Jennifer-e1722806393548.jpg\" alt=\"\" class=\"wp-image-420\" srcset=\"https:\/\/mlo6u0cvscwo.i.optimole.com\/w:942\/h:1024\/q:mauto\/ig:avif\/https:\/\/meer-door-minder.nl\/wp-content\/uploads\/2024\/08\/Martha-zakelijk-5-Jennifer-e1722806393548.jpg 942w, https:\/\/mlo6u0cvscwo.i.optimole.com\/w:276\/h:300\/q:mauto\/ig:avif\/https:\/\/meer-door-minder.nl\/wp-content\/uploads\/2024\/08\/Martha-zakelijk-5-Jennifer-e1722806393548.jpg 276w, https:\/\/mlo6u0cvscwo.i.optimole.com\/w:768\/h:835\/q:mauto\/ig:avif\/https:\/\/meer-door-minder.nl\/wp-content\/uploads\/2024\/08\/Martha-zakelijk-5-Jennifer-e1722806393548.jpg 768w, https:\/\/mlo6u0cvscwo.i.optimole.com\/w:993\/h:1080\/q:mauto\/ig:avif\/https:\/\/meer-door-minder.nl\/wp-content\/uploads\/2024\/08\/Martha-zakelijk-5-Jennifer-e1722806393548.jpg 1016w\" sizes=\"(max-width: 942px) 100vw, 942px\" \/><\/figure>\n<\/div>\n\n\n\n<div class=\"wp-block-column is-layout-flow wp-block-column-is-layout-flow\" style=\"flex-basis:66.66%\">\n<p>Mijn naam is Martha van Moolenbroek en ik ben <em>professional organizer<\/em>. Samen met mijn man woon ik in Bodegraven. Onze volwassen kinderen zijn al de deur uit. We hebben een ondeugende labradoodle, waarmee ik graag heerlijke bos- en strandwandelingen maak.<\/p>\n<\/div>\n<\/div>\n\n\n\n<div class=\"wp-block-columns is-layout-flex wp-container-core-columns-is-layout-c5150b4a wp-block-columns-is-layout-flex\">\n<div class=\"wp-block-column is-layout-flow wp-block-column-is-layout-flow\" style=\"flex-basis:66.66%\">\n<p>Ruim 25 jaar heb ik als ziekenverzorgende gewerkt in verpleeg- en verzorgingshuizen, een revalidatiecentrum, de gehandicaptenzorg en in de thuiszorg. Sinds 2010 werk ik als verzuimco\u00f6rdinator in het voortgezet onderwijs.<\/p>\n\n\n\n<p>Van jongsafaan houd ik van overzicht en structuur. Wanneer ik rust en ruimte in mijn hoofd ervaar, floreer ik het beste. Het leek me naast het werken op school erg leuk om een opleiding te volgen die goed aansluit bij mijn werk- en levenservaring \u00e9n die past bij mijn liefde voor organiseren en structuur.<\/p>\n<\/div>\n\n\n\n<div class=\"wp-block-column is-layout-flow wp-block-column-is-layout-flow\" style=\"flex-basis:33.33%\">\n<figure class=\"wp-block-image alignright size-large is-resized is-style-tw-border\"><img data-opt-id=634445880  fetchpriority=\"high\" decoding=\"async\" width=\"768\" height=\"1024\" src=\"https:\/\/mlo6u0cvscwo.i.optimole.com\/w:768\/h:1024\/q:mauto\/ig:avif\/https:\/\/meer-door-minder.nl\/wp-content\/uploads\/2024\/08\/teddy.jpg\" alt=\"\" class=\"wp-image-557\" style=\"width:322px;height:auto\" srcset=\"https:\/\/mlo6u0cvscwo.i.optimole.com\/w:768\/h:1024\/q:mauto\/ig:avif\/https:\/\/meer-door-minder.nl\/wp-content\/uploads\/2024\/08\/teddy.jpg 768w, https:\/\/mlo6u0cvscwo.i.optimole.com\/w:225\/h:300\/q:mauto\/ig:avif\/https:\/\/meer-door-minder.nl\/wp-content\/uploads\/2024\/08\/teddy.jpg 225w, https:\/\/mlo6u0cvscwo.i.optimole.com\/w:810\/h:1080\/q:mauto\/ig:avif\/https:\/\/meer-door-minder.nl\/wp-content\/uploads\/2024\/08\/teddy.jpg 1152w, https:\/\/mlo6u0cvscwo.i.optimole.com\/w:810\/h:1080\/q:mauto\/ig:avif\/https:\/\/meer-door-minder.nl\/wp-content\/uploads\/2024\/08\/teddy.jpg 1200w\" sizes=\"(max-width: 768px) 100vw, 768px\" \/><\/figure>\n<\/div>\n<\/div>\n\n\n\n<p> Werken als professional organizer is mij dan ook op het lijf geschreven. Met <strong>Meer door Minder<\/strong>&nbsp;daag ik mij elke dag uit het beste uit mezelf en mijn klanten te halen, en daar word ik heel blij van. Organizen is mijn tweede natuur!<\/p>\n\n\n\n<p>Als je overigens denkt dat het bij mij nooit eens rommelig is, dat ik altijd met een stofdoek loop en nooit wat vergeet, dan moet ik je teleurstellen. In huis mag ook geleefd worden. Maar als de basis op orde is, dan hoef je niet heel veel te doen en het is zo weer opgeruimd en schoon.<\/p>\n\n\n\n<p>Zoek je MEER overzicht en rust door MINDER spullen in je huis?<\/p>\n\n\n\n<p>Dan kun je bij mij terecht!<\/p>\n\n\n\n<p>Samen een volgende stap zetten? Neem dan contact op, ik wil je graag leren kennen!<\/p>\n\n\n\n<div style=\"height:45px\" aria-hidden=\"true\" id=\"aanbevelingen\" class=\"wp-block-spacer\"><\/div>\n\n\n\n<div class=\"wp-block-group alignfull has-base-color has-contrast-2-background-color has-text-color has-background has-link-color wp-elements-fa4b4a4310798a6896d64420a14dc605 has-global-padding is-layout-constrained wp-block-group-is-layout-constrained\">\n<h2 class=\"wp-block-heading has-text-align-center has-base-color has-text-color has-link-color wp-elements-b8757a54689ae3e0d4af759a16eb7297\">Wat klanten zeggen:<\/h2>\n\n\n\n<div class=\"wp-block-columns alignwide is-layout-flex wp-container-core-columns-is-layout-7dc77f2f wp-block-columns-is-layout-flex\">\n<div class=\"wp-block-column is-layout-flow wp-block-column-is-layout-flow\">\n<blockquote class=\"wp-block-quote has-text-align-center is-style-tw-icon is-layout-flow wp-block-quote-is-layout-flow\">\n<p class=\"has-text-align-left\" style=\"font-size:clamp(0.984rem, 0.984rem + ((1vw - 0.2rem) * 0.938), 1.5rem);\">Wat vond ik het spannend een opruimcoach in eigen huis: nu moet ik van alles en wordt er over mijn spullen beslist. Dacht ik. Ik mocht gewoon zelf beslissen, kreeg advies als ik er om vroeg. Martha dacht mee maar besliste niet voor mij. De opruimcoach straalde rust uit en dat hielp mij om keuzes te maken. Sterker nog, ik kreeg er plezier in. Nu, na deze opruimsessies heb ik \u00e9n rust in mijn hoofd \u00e9n opgeruimde en veel legere kasten. Dit was mij all\u00e9\u00e9n nooit gelukt. Ik kan het iedereen&nbsp;aanraden.<\/p>\n<cite>Willemien<\/cite><\/blockquote>\n<\/div>\n\n\n\n<div class=\"wp-block-column is-layout-flow wp-block-column-is-layout-flow\">\n<blockquote class=\"wp-block-quote has-text-align-center is-style-tw-icon is-layout-flow wp-block-quote-is-layout-flow\">\n<p class=\"has-text-align-left\" style=\"font-size:clamp(0.984rem, 0.984rem + ((1vw - 0.2rem) * 0.938), 1.5rem);\"><em>Met Martha\u2019s hulp, gestructureerd en meedenkend, hebben we de kinderspullen in de woonkamer en in de kinderslaapkamer uitgezocht en geordend. Ook is een gedeelte van de woonkamer (onder andere hondenspullen) opgeruimd. <\/em><em>Het is fijn dat Martha je de ruimte geeft om zelf beslissingen te nemen, de verantwoordelijkheid van spullen wegdoen ligt helemaal bij jezelf. Ze geeft je goede tips en leert je bij het opruimen je te focussen op een werkplek. Bedankt Martha!<\/em><\/p>\n<cite>Maaike<\/cite><\/blockquote>\n<\/div>\n<\/div>\n\n\n\n<div class=\"wp-block-columns alignwide is-layout-flex wp-container-core-columns-is-layout-b3d7ab09 wp-block-columns-is-layout-flex\" style=\"margin-top:32px\">\n<div class=\"wp-block-column is-layout-flow wp-block-column-is-layout-flow\">\n<blockquote class=\"wp-block-quote has-text-align-center is-style-tw-icon is-layout-flow wp-block-quote-is-layout-flow\">\n<p class=\"has-text-align-left\" style=\"font-size:clamp(0.984rem, 0.984rem + ((1vw - 0.2rem) * 0.938), 1.5rem);\">Wat me aanspreekt in de aanpak van Martha is dat niet m&#8217;n hele kamer aangepakt en overhoop gehaald hoefde te worden. De focus richtte zich op een paar projecten: mijn hobbykamer met naaitafel en een kastenwand. Een overbodig tv-kastje uit een andere kamer bleek een goede aanvulling voor het opruimen van spullen in de hobbykamer.&nbsp;Met haar hands-on mentaliteit, het werken met kratten voor hier opbergen, elders opbergen, verkoop en\/of kringloop en de vuilniszak voor afvoeren, nam ze me werk uit handen. Ondanks dat het relatief kleine projecten waren, was het effect groot en het gaf me de aanzet om zelf verder te gaan met opruimen en organiseren.<\/p>\n<cite>Johanna<\/cite><\/blockquote>\n<\/div>\n\n\n\n<div class=\"wp-block-column is-layout-flow wp-block-column-is-layout-flow\">\n<blockquote class=\"wp-block-quote has-text-align-center is-style-tw-icon is-layout-flow wp-block-quote-is-layout-flow\">\n<p class=\"has-text-align-left\" style=\"font-size:clamp(0.984rem, 0.984rem + ((1vw - 0.2rem) * 0.938), 1.5rem);\">Via via kwam ik bij Martha terecht.&nbsp;Ons huis was een grote chaos. Door de jaren heen door omstandigheden zo geworden.&nbsp;Mijn partner en ik konden het niet meer overzien en wisten niet waar te beginnen.&nbsp;<br>Met de hulp van Martha en de bijbehorende structuur hebben wij weer een opgeruimd huis.&nbsp;Kan ik weer mijn hobby&#8217;s uitoefenen en is er ook rust in ons hoofd.&nbsp;<br>Martha is een zeer zorgzaam persoon en stelt je op je gemak. Dat was al bij het kennismakingsgesprek duidelijk. De klik was er wat mij betreft gelijk.&nbsp;Alles in het huis is door onze handen gegaan en er is heel veel naar de kringloop gebracht.&nbsp;<\/p>\n<cite>Petra<\/cite><\/blockquote>\n<\/div>\n<\/div>\n<\/div>\n","protected":false},"excerpt":{"rendered":"<p>Mijn naam is Martha van Moolenbroek en ik ben professional organizer. Samen met mijn man woon ik in Bodegraven. Onze volwassen kinderen zijn al de deur uit. We hebben een ondeugende labradoodle, waarmee ik graag heerlijke bos- en strandwandelingen maak. Ruim 25 jaar heb ik als ziekenverzorgende gewerkt in verpleeg- en verzorgingshuizen, een revalidatiecentrum, de [&hellip;]<\/p>\n","protected":false},"author":2,"featured_media":421,"parent":0,"menu_order":0,"comment_status":"closed","ping_status":"closed","template":"pagina-mdm","meta":{"iawp_total_views":217,"footnotes":""},"class_list":["post-114","page","type-page","status-publish","has-post-thumbnail","hentry"],"yoast_head":"<!-- This site is optimized with the Yoast SEO plugin v27.4 - https:\/\/yoast.com\/product\/yoast-seo-wordpress\/ -->\n<title>Wie ben ik? - Meer door Minder<\/title>\n<meta name=\"robots\" content=\"index, follow, max-snippet:-1, max-image-preview:large, max-video-preview:-1\" \/>\n<link rel=\"canonical\" href=\"https:\/\/meer-door-minder.nl\/?page_id=114\" \/>\n<meta property=\"og:locale\" content=\"nl_NL\" \/>\n<meta property=\"og:type\" content=\"article\" \/>\n<meta property=\"og:title\" content=\"Wie ben ik? - Meer door Minder\" \/>\n<meta property=\"og:description\" content=\"Mijn naam is Martha van Moolenbroek en ik ben professional organizer. Samen met mijn man woon ik in Bodegraven. Onze volwassen kinderen zijn al de deur uit. We hebben een ondeugende labradoodle, waarmee ik graag heerlijke bos- en strandwandelingen maak. Ruim 25 jaar heb ik als ziekenverzorgende gewerkt in verpleeg- en verzorgingshuizen, een revalidatiecentrum, de [&hellip;]\" \/>\n<meta property=\"og:url\" content=\"https:\/\/meer-door-minder.nl\/?page_id=114\" \/>\n<meta property=\"og:site_name\" content=\"Meer door Minder\" \/>\n<meta property=\"article:modified_time\" content=\"2024-08-20T07:29:11+00:00\" \/>\n<meta property=\"og:image\" content=\"https:\/\/mlo6u0cvscwo.i.optimole.com\/w:auto\/h:auto\/q:mauto\/ig:avif\/https:\/\/meer-door-minder.nl\/wp-content\/uploads\/2024\/08\/Martha-zakelijk-1-Jennifer.jpg\" \/>\n\t<meta property=\"og:image:width\" content=\"1600\" \/>\n\t<meta property=\"og:image:height\" content=\"1066\" \/>\n\t<meta property=\"og:image:type\" content=\"image\/jpeg\" \/>\n<meta name=\"twitter:card\" content=\"summary_large_image\" \/>\n<meta name=\"twitter:label1\" content=\"Geschatte leestijd\" \/>\n\t<meta name=\"twitter:data1\" content=\"4 minuten\" \/>\n<script type=\"application\/ld+json\" class=\"yoast-schema-graph\">{\"@context\":\"https:\\\/\\\/schema.org\",\"@graph\":[{\"@type\":\"WebPage\",\"@id\":\"https:\\\/\\\/meer-door-minder.nl\\\/?page_id=114\",\"url\":\"https:\\\/\\\/meer-door-minder.nl\\\/?page_id=114\",\"name\":\"Wie ben ik? - Meer door Minder\",\"isPartOf\":{\"@id\":\"https:\\\/\\\/meer-door-minder.nl\\\/#website\"},\"primaryImageOfPage\":{\"@id\":\"https:\\\/\\\/meer-door-minder.nl\\\/?page_id=114#primaryimage\"},\"image\":{\"@id\":\"https:\\\/\\\/meer-door-minder.nl\\\/?page_id=114#primaryimage\"},\"thumbnailUrl\":\"https:\\/\\/meer-door-minder.nl\\/wp-content\\/uploads\\/2024\\/08\\/Martha-zakelijk-1-Jennifer.jpg\",\"datePublished\":\"2024-06-22T20:35:51+00:00\",\"dateModified\":\"2024-08-20T07:29:11+00:00\",\"breadcrumb\":{\"@id\":\"https:\\\/\\\/meer-door-minder.nl\\\/?page_id=114#breadcrumb\"},\"inLanguage\":\"nl-NL\",\"potentialAction\":[{\"@type\":\"ReadAction\",\"target\":[\"https:\\\/\\\/meer-door-minder.nl\\\/?page_id=114\"]}]},{\"@type\":\"ImageObject\",\"inLanguage\":\"nl-NL\",\"@id\":\"https:\\\/\\\/meer-door-minder.nl\\\/?page_id=114#primaryimage\",\"url\":\"https:\\/\\/meer-door-minder.nl\\/wp-content\\/uploads\\/2024\\/08\\/Martha-zakelijk-1-Jennifer.jpg\",\"contentUrl\":\"https:\\/\\/meer-door-minder.nl\\/wp-content\\/uploads\\/2024\\/08\\/Martha-zakelijk-1-Jennifer.jpg\",\"width\":1600,\"height\":1066},{\"@type\":\"BreadcrumbList\",\"@id\":\"https:\\\/\\\/meer-door-minder.nl\\\/?page_id=114#breadcrumb\",\"itemListElement\":[{\"@type\":\"ListItem\",\"position\":1,\"name\":\"Home\",\"item\":\"https:\\\/\\\/meer-door-minder.nl\\\/\"},{\"@type\":\"ListItem\",\"position\":2,\"name\":\"Wie ben ik?\"}]},{\"@type\":\"WebSite\",\"@id\":\"https:\\\/\\\/meer-door-minder.nl\\\/#website\",\"url\":\"https:\\\/\\\/meer-door-minder.nl\\\/\",\"name\":\"Meer door Minder\",\"description\":\"met Martha\",\"publisher\":{\"@id\":\"https:\\\/\\\/meer-door-minder.nl\\\/#organization\"},\"potentialAction\":[{\"@type\":\"SearchAction\",\"target\":{\"@type\":\"EntryPoint\",\"urlTemplate\":\"https:\\\/\\\/meer-door-minder.nl\\\/?s={search_term_string}\"},\"query-input\":{\"@type\":\"PropertyValueSpecification\",\"valueRequired\":true,\"valueName\":\"search_term_string\"}}],\"inLanguage\":\"nl-NL\"},{\"@type\":\"Organization\",\"@id\":\"https:\\\/\\\/meer-door-minder.nl\\\/#organization\",\"name\":\"Meer door Minder\",\"url\":\"https:\\\/\\\/meer-door-minder.nl\\\/\",\"logo\":{\"@type\":\"ImageObject\",\"inLanguage\":\"nl-NL\",\"@id\":\"https:\\\/\\\/meer-door-minder.nl\\\/#\\\/schema\\\/logo\\\/image\\\/\",\"url\":\"https:\\/\\/meer-door-minder.nl\\/wp-content\\/uploads\\/2024\\/08\\/meer-door-minder-full-logo-wit-1.png\",\"contentUrl\":\"https:\\/\\/meer-door-minder.nl\\/wp-content\\/uploads\\/2024\\/08\\/meer-door-minder-full-logo-wit-1.png\",\"width\":1866,\"height\":540,\"caption\":\"Meer door Minder\"},\"image\":{\"@id\":\"https:\\\/\\\/meer-door-minder.nl\\\/#\\\/schema\\\/logo\\\/image\\\/\"}}]}<\/script>\n<!-- \/ Yoast SEO plugin. -->","yoast_head_json":{"title":"Wie ben ik? - Meer door Minder","robots":{"index":"index","follow":"follow","max-snippet":"max-snippet:-1","max-image-preview":"max-image-preview:large","max-video-preview":"max-video-preview:-1"},"canonical":"https:\/\/meer-door-minder.nl\/?page_id=114","og_locale":"nl_NL","og_type":"article","og_title":"Wie ben ik? - Meer door Minder","og_description":"Mijn naam is Martha van Moolenbroek en ik ben professional organizer. Samen met mijn man woon ik in Bodegraven. Onze volwassen kinderen zijn al de deur uit. We hebben een ondeugende labradoodle, waarmee ik graag heerlijke bos- en strandwandelingen maak. Ruim 25 jaar heb ik als ziekenverzorgende gewerkt in verpleeg- en verzorgingshuizen, een revalidatiecentrum, de [&hellip;]","og_url":"https:\/\/meer-door-minder.nl\/?page_id=114","og_site_name":"Meer door Minder","article_modified_time":"2024-08-20T07:29:11+00:00","og_image":[{"width":1600,"height":1066,"url":"https:\/\/mlo6u0cvscwo.i.optimole.com\/w:auto\/h:auto\/q:mauto\/ig:avif\/https:\/\/meer-door-minder.nl\/wp-content\/uploads\/2024\/08\/Martha-zakelijk-1-Jennifer.jpg","type":"image\/jpeg"}],"twitter_card":"summary_large_image","twitter_misc":{"Geschatte leestijd":"4 minuten"},"schema":{"@context":"https:\/\/schema.org","@graph":[{"@type":"WebPage","@id":"https:\/\/meer-door-minder.nl\/?page_id=114","url":"https:\/\/meer-door-minder.nl\/?page_id=114","name":"Wie ben ik? - Meer door Minder","isPartOf":{"@id":"https:\/\/meer-door-minder.nl\/#website"},"primaryImageOfPage":{"@id":"https:\/\/meer-door-minder.nl\/?page_id=114#primaryimage"},"image":{"@id":"https:\/\/meer-door-minder.nl\/?page_id=114#primaryimage"},"thumbnailUrl":"https:\/\/mlo6u0cvscwo.i.optimole.com\/w:auto\/h:auto\/q:mauto\/ig:avif\/https:\/\/meer-door-minder.nl\/wp-content\/uploads\/2024\/08\/Martha-zakelijk-1-Jennifer.jpg","datePublished":"2024-06-22T20:35:51+00:00","dateModified":"2024-08-20T07:29:11+00:00","breadcrumb":{"@id":"https:\/\/meer-door-minder.nl\/?page_id=114#breadcrumb"},"inLanguage":"nl-NL","potentialAction":[{"@type":"ReadAction","target":["https:\/\/meer-door-minder.nl\/?page_id=114"]}]},{"@type":"ImageObject","inLanguage":"nl-NL","@id":"https:\/\/meer-door-minder.nl\/?page_id=114#primaryimage","url":"https:\/\/mlo6u0cvscwo.i.optimole.com\/w:auto\/h:auto\/q:mauto\/ig:avif\/https:\/\/meer-door-minder.nl\/wp-content\/uploads\/2024\/08\/Martha-zakelijk-1-Jennifer.jpg","contentUrl":"https:\/\/mlo6u0cvscwo.i.optimole.com\/w:auto\/h:auto\/q:mauto\/ig:avif\/https:\/\/meer-door-minder.nl\/wp-content\/uploads\/2024\/08\/Martha-zakelijk-1-Jennifer.jpg","width":1600,"height":1066},{"@type":"BreadcrumbList","@id":"https:\/\/meer-door-minder.nl\/?page_id=114#breadcrumb","itemListElement":[{"@type":"ListItem","position":1,"name":"Home","item":"https:\/\/meer-door-minder.nl\/"},{"@type":"ListItem","position":2,"name":"Wie ben ik?"}]},{"@type":"WebSite","@id":"https:\/\/meer-door-minder.nl\/#website","url":"https:\/\/meer-door-minder.nl\/","name":"Meer door Minder","description":"met Martha","publisher":{"@id":"https:\/\/meer-door-minder.nl\/#organization"},"potentialAction":[{"@type":"SearchAction","target":{"@type":"EntryPoint","urlTemplate":"https:\/\/meer-door-minder.nl\/?s={search_term_string}"},"query-input":{"@type":"PropertyValueSpecification","valueRequired":true,"valueName":"search_term_string"}}],"inLanguage":"nl-NL"},{"@type":"Organization","@id":"https:\/\/meer-door-minder.nl\/#organization","name":"Meer door Minder","url":"https:\/\/meer-door-minder.nl\/","logo":{"@type":"ImageObject","inLanguage":"nl-NL","@id":"https:\/\/meer-door-minder.nl\/#\/schema\/logo\/image\/","url":"https:\/\/mlo6u0cvscwo.i.optimole.com\/w:auto\/h:auto\/q:mauto\/ig:avif\/https:\/\/meer-door-minder.nl\/wp-content\/uploads\/2024\/08\/meer-door-minder-full-logo-wit-1.png","contentUrl":"https:\/\/mlo6u0cvscwo.i.optimole.com\/w:auto\/h:auto\/q:mauto\/ig:avif\/https:\/\/meer-door-minder.nl\/wp-content\/uploads\/2024\/08\/meer-door-minder-full-logo-wit-1.png","width":1866,"height":540,"caption":"Meer door Minder"},"image":{"@id":"https:\/\/meer-door-minder.nl\/#\/schema\/logo\/image\/"}}]}},"_links":{"self":[{"href":"https:\/\/meer-door-minder.nl\/index.php?rest_route=\/wp\/v2\/pages\/114","targetHints":{"allow":["GET"]}}],"collection":[{"href":"https:\/\/meer-door-minder.nl\/index.php?rest_route=\/wp\/v2\/pages"}],"about":[{"href":"https:\/\/meer-door-minder.nl\/index.php?rest_route=\/wp\/v2\/types\/page"}],"author":[{"embeddable":true,"href":"https:\/\/meer-door-minder.nl\/index.php?rest_route=\/wp\/v2\/users\/2"}],"replies":[{"embeddable":true,"href":"https:\/\/meer-door-minder.nl\/index.php?rest_route=%2Fwp%2Fv2%2Fcomments&post=114"}],"version-history":[{"count":30,"href":"https:\/\/meer-door-minder.nl\/index.php?rest_route=\/wp\/v2\/pages\/114\/revisions"}],"predecessor-version":[{"id":943,"href":"https:\/\/meer-door-minder.nl\/index.php?rest_route=\/wp\/v2\/pages\/114\/revisions\/943"}],"wp:featuredmedia":[{"embeddable":true,"href":"https:\/\/meer-door-minder.nl\/index.php?rest_route=\/wp\/v2\/media\/421"}],"wp:attachment":[{"href":"https:\/\/meer-door-minder.nl\/index.php?rest_route=%2Fwp%2Fv2%2Fmedia&parent=114"}],"curies":[{"name":"wp","href":"https:\/\/api.w.org\/{rel}","templated":true}]}}